{"id":937,"date":"2021-02-21T10:28:55","date_gmt":"2021-02-21T09:28:55","guid":{"rendered":"https:\/\/www.arteveldehogeschool.be\/audiologie\/gehoorverliesindeklas\/?page_id=937"},"modified":"2022-05-22T10:21:28","modified_gmt":"2022-05-22T09:21:28","slug":"hoorhulpmiddelen","status":"publish","type":"page","link":"https:\/\/gehoorverliesindeklas.arteveldehogeschool.be\/audiologie\/gehoorverliesindeklas\/?page_id=937","title":{"rendered":"Hoorhulpmiddelen"},"content":{"rendered":"\t\t<div data-elementor-type=\"wp-page\" data-elementor-id=\"937\" class=\"elementor elementor-937\" data-elementor-settings=\"[]\">\n\t\t\t\t\t\t<div class=\"elementor-inner\">\n\t\t\t\t\t\t\t<div class=\"elementor-section-wrap\">\n\t\t\t\t\t\t\t<section class=\"elementor-section elementor-top-section elementor-element elementor-element-a4f6263 elementor-section-boxed elementor-section-height-default elementor-section-height-default\" data-id=\"a4f6263\" data-element_type=\"section\">\n\t\t\t\t\t\t<div class=\"elementor-container elementor-column-gap-default\">\n\t\t\t\t\t\t\t<div class=\"elementor-row\">\n\t\t\t\t\t<div class=\"elementor-column elementor-col-100 elementor-top-column elementor-element elementor-element-647923b\" data-id=\"647923b\" data-element_type=\"column\">\n\t\t\t<div class=\"elementor-column-wrap elementor-element-populated\">\n\t\t\t\t\t\t\t<div class=\"elementor-widget-wrap\">\n\t\t\t\t\t\t<div class=\"elementor-element elementor-element-b4dcbf8 elementor-widget elementor-widget-text-editor\" data-id=\"b4dcbf8\" data-element_type=\"widget\" data-widget_type=\"text-editor.default\">\n\t\t\t\t<div class=\"elementor-widget-container\">\n\t\t\t\t\t<div class=\"elementor-text-editor elementor-clearfix\"><p>Er bestaan verschillende auditieve hulpmiddelen. Hoortoestellen, cochleaire implantaten en beengeleidingssystemen zijn de drie meest gekende auditieve hulpmiddelen. De keuze van het hulpmiddel is afhankelijk van verschillende factoren, waaronder de ernst van het gehoorverlies. Het beste auditieve hulpmiddel voor de tiener wordt in samenspraak met de ouders en het kind bepaald. Men streeft er altijd naar om zo snel mogelijk de beste auditieve correctie aan te bieden vanaf het moment dat het gehoorverlies wordt opgemerkt.<\/p><p>Gehoorverlies kan in \u00e9\u00e9n of in beide oren voorkomen. Een kind met bilateraal gehoorverlies (gehoorverlies aan beide oren) zal hoogstwaarschijnlijk een hulpmiddel aan beide oren dragen. Dit kan voor verschillende combinaties zorgen, bijvoorbeeld een hoortoestel aan beide oren, \u00e9\u00e9n hoortoestel en \u00e9\u00e9n CI, \u00e9\u00e9n beengeleidingssysteem en \u00e9\u00e9n CI\u2026<\/p><p>Hier kan je informatie vinden over de werking van een hoortoestel, een cochleair implantaat of een beengeleidingssysteem.<\/p><p>Naast een hoortoestel of CI bestaan er nog extra hulpmiddelen om het spraakverstaan in een klascontext te optimaliseren. Deze middelen kan je terugvinden bij &#8216;soloapparatuur&#8217;.<\/p><\/div>\n\t\t\t\t<\/div>\n\t\t\t\t<\/div>\n\t\t\t\t\t\t<\/div>\n\t\t\t\t\t<\/div>\n\t\t<\/div>\n\t\t\t\t\t\t\t\t<\/div>\n\t\t\t\t\t<\/div>\n\t\t<\/section>\n\t\t\t\t<section class=\"elementor-section elementor-top-section elementor-element elementor-element-c6521af elementor-section-boxed elementor-section-height-default elementor-section-height-default\" data-id=\"c6521af\" data-element_type=\"section\">\n\t\t\t\t\t\t<div class=\"elementor-container elementor-column-gap-default\">\n\t\t\t\t\t\t\t<div class=\"elementor-row\">\n\t\t\t\t\t<div class=\"elementor-column elementor-col-100 elementor-top-column elementor-element elementor-element-4242d26\" data-id=\"4242d26\" data-element_type=\"column\">\n\t\t\t<div class=\"elementor-column-wrap elementor-element-populated\">\n\t\t\t\t\t\t\t<div class=\"elementor-widget-wrap\">\n\t\t\t\t\t\t<section class=\"elementor-section elementor-inner-section elementor-element elementor-element-7ba3497 elementor-section-boxed elementor-section-height-default elementor-section-height-default\" data-id=\"7ba3497\" data-element_type=\"section\">\n\t\t\t\t\t\t<div class=\"elementor-container elementor-column-gap-default\">\n\t\t\t\t\t\t\t<div class=\"elementor-row\">\n\t\t\t\t\t<div class=\"elementor-column elementor-col-33 elementor-inner-column elementor-element elementor-element-4af350b\" data-id=\"4af350b\" data-element_type=\"column\">\n\t\t\t<div class=\"elementor-column-wrap elementor-element-populated\">\n\t\t\t\t\t\t\t<div class=\"elementor-widget-wrap\">\n\t\t\t\t\t\t<div class=\"elementor-element elementor-element-08f9791 elementor-align-center elementor-widget elementor-widget-button\" data-id=\"08f9791\" data-element_type=\"widget\" data-widget_type=\"button.default\">\n\t\t\t\t<div class=\"elementor-widget-container\">\n\t\t\t\t\t<div class=\"elementor-button-wrapper\">\n\t\t\t<a href=\"https:\/\/www.arteveldehogeschool.be\/audiologie\/gehoorverliesindeklas\/?page_id=2454\" class=\"elementor-button-link elementor-button elementor-size-sm\" role=\"button\">\n\t\t\t\t\t\t<span class=\"elementor-button-content-wrapper\">\n\t\t\t\t\t\t<span class=\"elementor-button-text\">Leerling met hoortoestel(len)<\/span>\n\t\t<\/span>\n\t\t\t\t\t<\/a>\n\t\t<\/div>\n\t\t\t\t<\/div>\n\t\t\t\t<\/div>\n\t\t\t\t\t\t<\/div>\n\t\t\t\t\t<\/div>\n\t\t<\/div>\n\t\t\t\t<div class=\"elementor-column elementor-col-33 elementor-inner-column elementor-element elementor-element-17f2f66\" data-id=\"17f2f66\" data-element_type=\"column\">\n\t\t\t<div class=\"elementor-column-wrap elementor-element-populated\">\n\t\t\t\t\t\t\t<div class=\"elementor-widget-wrap\">\n\t\t\t\t\t\t<div class=\"elementor-element elementor-element-76e9793 elementor-align-center elementor-widget elementor-widget-button\" data-id=\"76e9793\" data-element_type=\"widget\" data-widget_type=\"button.default\">\n\t\t\t\t<div class=\"elementor-widget-container\">\n\t\t\t\t\t<div class=\"elementor-button-wrapper\">\n\t\t\t<a href=\"https:\/\/www.arteveldehogeschool.be\/audiologie\/gehoorverliesindeklas\/?page_id=632\" class=\"elementor-button-link elementor-button elementor-size-sm\" role=\"button\">\n\t\t\t\t\t\t<span class=\"elementor-button-content-wrapper\">\n\t\t\t\t\t\t<span class=\"elementor-button-text\">Leerling met cochleair(e) implanta(a)t(en)<\/span>\n\t\t<\/span>\n\t\t\t\t\t<\/a>\n\t\t<\/div>\n\t\t\t\t<\/div>\n\t\t\t\t<\/div>\n\t\t\t\t\t\t<\/div>\n\t\t\t\t\t<\/div>\n\t\t<\/div>\n\t\t\t\t<div class=\"elementor-column elementor-col-33 elementor-inner-column elementor-element elementor-element-2d35f87\" data-id=\"2d35f87\" data-element_type=\"column\">\n\t\t\t<div class=\"elementor-column-wrap elementor-element-populated\">\n\t\t\t\t\t\t\t<div class=\"elementor-widget-wrap\">\n\t\t\t\t\t\t<div class=\"elementor-element elementor-element-1a15dac elementor-align-center elementor-widget elementor-widget-button\" data-id=\"1a15dac\" data-element_type=\"widget\" data-widget_type=\"button.default\">\n\t\t\t\t<div class=\"elementor-widget-container\">\n\t\t\t\t\t<div class=\"elementor-button-wrapper\">\n\t\t\t<a href=\"https:\/\/www.arteveldehogeschool.be\/audiologie\/gehoorverliesindeklas\/?page_id=3624\" class=\"elementor-button-link elementor-button elementor-size-sm\" role=\"button\">\n\t\t\t\t\t\t<span class=\"elementor-button-content-wrapper\">\n\t\t\t\t\t\t<span class=\"elementor-button-text\">Leerling met beengeleidings- syste(e)m(en)<\/span>\n\t\t<\/span>\n\t\t\t\t\t<\/a>\n\t\t<\/div>\n\t\t\t\t<\/div>\n\t\t\t\t<\/div>\n\t\t\t\t\t\t<\/div>\n\t\t\t\t\t<\/div>\n\t\t<\/div>\n\t\t\t\t\t\t\t\t<\/div>\n\t\t\t\t\t<\/div>\n\t\t<\/section>\n\t\t\t\t<section class=\"elementor-section elementor-inner-section elementor-element elementor-element-9ae9c6b elementor-section-boxed elementor-section-height-default elementor-section-height-default\" data-id=\"9ae9c6b\" data-element_type=\"section\">\n\t\t\t\t\t\t<div class=\"elementor-container elementor-column-gap-default\">\n\t\t\t\t\t\t\t<div class=\"elementor-row\">\n\t\t\t\t\t<div class=\"elementor-column elementor-col-33 elementor-inner-column elementor-element elementor-element-356086d\" data-id=\"356086d\" data-element_type=\"column\">\n\t\t\t<div class=\"elementor-column-wrap elementor-element-populated\">\n\t\t\t\t\t\t\t<div class=\"elementor-widget-wrap\">\n\t\t\t\t\t\t<div class=\"elementor-element elementor-element-d58b2a9 elementor-widget elementor-widget-image\" data-id=\"d58b2a9\" data-element_type=\"widget\" data-widget_type=\"image.default\">\n\t\t\t\t<div class=\"elementor-widget-container\">\n\t\t\t\t\t<div class=\"elementor-image\">\n\t\t\t\t\t\t\t\t\t\t<img loading=\"lazy\" decoding=\"async\" width=\"254\" height=\"199\" src=\"https:\/\/gehoorverliesindeklas.arteveldehogeschool.be\/audiologie\/gehoorverliesindeklas\/wp-content\/uploads\/2021\/02\/index-e1616331745486.jpg\" class=\"attachment-large size-large\" alt=\"\" \/>\t\t\t\t\t\t\t\t\t\t\t<\/div>\n\t\t\t\t<\/div>\n\t\t\t\t<\/div>\n\t\t\t\t\t\t<\/div>\n\t\t\t\t\t<\/div>\n\t\t<\/div>\n\t\t\t\t<div class=\"elementor-column elementor-col-33 elementor-inner-column elementor-element elementor-element-0f164e3\" data-id=\"0f164e3\" data-element_type=\"column\">\n\t\t\t<div class=\"elementor-column-wrap elementor-element-populated\">\n\t\t\t\t\t\t\t<div class=\"elementor-widget-wrap\">\n\t\t\t\t\t\t<div class=\"elementor-element elementor-element-55cc0ec elementor-widget elementor-widget-image\" data-id=\"55cc0ec\" data-element_type=\"widget\" data-widget_type=\"image.default\">\n\t\t\t\t<div class=\"elementor-widget-container\">\n\t\t\t\t\t<div class=\"elementor-image\">\n\t\t\t\t\t\t\t\t\t\t<img loading=\"lazy\" decoding=\"async\" width=\"748\" height=\"499\" src=\"https:\/\/gehoorverliesindeklas.arteveldehogeschool.be\/audiologie\/gehoorverliesindeklas\/wp-content\/uploads\/2021\/02\/Kind-met-CI.jpg\" class=\"attachment-large size-large\" alt=\"\" srcset=\"https:\/\/gehoorverliesindeklas.arteveldehogeschool.be\/audiologie\/gehoorverliesindeklas\/wp-content\/uploads\/2021\/02\/Kind-met-CI.jpg 748w, https:\/\/gehoorverliesindeklas.arteveldehogeschool.be\/audiologie\/gehoorverliesindeklas\/wp-content\/uploads\/2021\/02\/Kind-met-CI-300x200.jpg 300w, https:\/\/gehoorverliesindeklas.arteveldehogeschool.be\/audiologie\/gehoorverliesindeklas\/wp-content\/uploads\/2021\/02\/Kind-met-CI-230x153.jpg 230w, https:\/\/gehoorverliesindeklas.arteveldehogeschool.be\/audiologie\/gehoorverliesindeklas\/wp-content\/uploads\/2021\/02\/Kind-met-CI-350x233.jpg 350w, https:\/\/gehoorverliesindeklas.arteveldehogeschool.be\/audiologie\/gehoorverliesindeklas\/wp-content\/uploads\/2021\/02\/Kind-met-CI-480x320.jpg 480w\" sizes=\"auto, (max-width: 748px) 100vw, 748px\" \/>\t\t\t\t\t\t\t\t\t\t\t<\/div>\n\t\t\t\t<\/div>\n\t\t\t\t<\/div>\n\t\t\t\t\t\t<\/div>\n\t\t\t\t\t<\/div>\n\t\t<\/div>\n\t\t\t\t<div class=\"elementor-column elementor-col-33 elementor-inner-column elementor-element elementor-element-e5c6475\" data-id=\"e5c6475\" data-element_type=\"column\">\n\t\t\t<div class=\"elementor-column-wrap elementor-element-populated\">\n\t\t\t\t\t\t\t<div class=\"elementor-widget-wrap\">\n\t\t\t\t\t\t<div class=\"elementor-element elementor-element-0b4f789 elementor-widget elementor-widget-image\" data-id=\"0b4f789\" data-element_type=\"widget\" data-widget_type=\"image.default\">\n\t\t\t\t<div class=\"elementor-widget-container\">\n\t\t\t\t\t<div class=\"elementor-image\">\n\t\t\t\t\t\t\t\t\t\t<img loading=\"lazy\" decoding=\"async\" width=\"192\" height=\"193\" src=\"https:\/\/gehoorverliesindeklas.arteveldehogeschool.be\/audiologie\/gehoorverliesindeklas\/wp-content\/uploads\/2021\/03\/baha.jpg\" class=\"attachment-large size-large\" alt=\"\" srcset=\"https:\/\/gehoorverliesindeklas.arteveldehogeschool.be\/audiologie\/gehoorverliesindeklas\/wp-content\/uploads\/2021\/03\/baha.jpg 192w, https:\/\/gehoorverliesindeklas.arteveldehogeschool.be\/audiologie\/gehoorverliesindeklas\/wp-content\/uploads\/2021\/03\/baha-150x150.jpg 150w\" sizes=\"auto, (max-width: 192px) 100vw, 192px\" \/>\t\t\t\t\t\t\t\t\t\t\t<\/div>\n\t\t\t\t<\/div>\n\t\t\t\t<\/div>\n\t\t\t\t\t\t<\/div>\n\t\t\t\t\t<\/div>\n\t\t<\/div>\n\t\t\t\t\t\t\t\t<\/div>\n\t\t\t\t\t<\/div>\n\t\t<\/section>\n\t\t\t\t<section class=\"elementor-section elementor-inner-section elementor-element elementor-element-614b378 elementor-section-boxed elementor-section-height-default elementor-section-height-default\" data-id=\"614b378\" data-element_type=\"section\">\n\t\t\t\t\t\t<div class=\"elementor-container elementor-column-gap-default\">\n\t\t\t\t\t\t\t<div class=\"elementor-row\">\n\t\t\t\t\t<div class=\"elementor-column elementor-col-33 elementor-inner-column elementor-element elementor-element-5956081\" data-id=\"5956081\" data-element_type=\"column\">\n\t\t\t<div class=\"elementor-column-wrap\">\n\t\t\t\t\t\t\t<div class=\"elementor-widget-wrap\">\n\t\t\t\t\t\t\t\t<\/div>\n\t\t\t\t\t<\/div>\n\t\t<\/div>\n\t\t\t\t<div class=\"elementor-column elementor-col-33 elementor-inner-column elementor-element elementor-element-ab49741\" data-id=\"ab49741\" data-element_type=\"column\">\n\t\t\t<div class=\"elementor-column-wrap elementor-element-populated\">\n\t\t\t\t\t\t\t<div class=\"elementor-widget-wrap\">\n\t\t\t\t\t\t<div class=\"elementor-element elementor-element-fec6611 elementor-align-center elementor-widget elementor-widget-button\" data-id=\"fec6611\" data-element_type=\"widget\" data-widget_type=\"button.default\">\n\t\t\t\t<div class=\"elementor-widget-container\">\n\t\t\t\t\t<div class=\"elementor-button-wrapper\">\n\t\t\t<a href=\"https:\/\/www.arteveldehogeschool.be\/audiologie\/gehoorverliesindeklas\/?page_id=840\" class=\"elementor-button-link elementor-button elementor-size-sm\" role=\"button\">\n\t\t\t\t\t\t<span class=\"elementor-button-content-wrapper\">\n\t\t\t\t\t\t<span class=\"elementor-button-text\">Soloapparatuur <\/span>\n\t\t<\/span>\n\t\t\t\t\t<\/a>\n\t\t<\/div>\n\t\t\t\t<\/div>\n\t\t\t\t<\/div>\n\t\t\t\t\t\t<\/div>\n\t\t\t\t\t<\/div>\n\t\t<\/div>\n\t\t\t\t<div class=\"elementor-column elementor-col-33 elementor-inner-column elementor-element elementor-element-ab2a43d\" data-id=\"ab2a43d\" data-element_type=\"column\">\n\t\t\t<div class=\"elementor-column-wrap\">\n\t\t\t\t\t\t\t<div class=\"elementor-widget-wrap\">\n\t\t\t\t\t\t\t\t<\/div>\n\t\t\t\t\t<\/div>\n\t\t<\/div>\n\t\t\t\t\t\t\t\t<\/div>\n\t\t\t\t\t<\/div>\n\t\t<\/section>\n\t\t\t\t<section class=\"elementor-section elementor-inner-section elementor-element elementor-element-226a8b1 elementor-section-boxed elementor-section-height-default elementor-section-height-default\" data-id=\"226a8b1\" data-element_type=\"section\">\n\t\t\t\t\t\t<div class=\"elementor-container elementor-column-gap-default\">\n\t\t\t\t\t\t\t<div class=\"elementor-row\">\n\t\t\t\t\t<div class=\"elementor-column elementor-col-33 elementor-inner-column elementor-element elementor-element-c99d307\" data-id=\"c99d307\" data-element_type=\"column\">\n\t\t\t<div class=\"elementor-column-wrap\">\n\t\t\t\t\t\t\t<div class=\"elementor-widget-wrap\">\n\t\t\t\t\t\t\t\t<\/div>\n\t\t\t\t\t<\/div>\n\t\t<\/div>\n\t\t\t\t<div class=\"elementor-column elementor-col-33 elementor-inner-column elementor-element elementor-element-1526563\" data-id=\"1526563\" data-element_type=\"column\">\n\t\t\t<div class=\"elementor-column-wrap elementor-element-populated\">\n\t\t\t\t\t\t\t<div class=\"elementor-widget-wrap\">\n\t\t\t\t\t\t<div class=\"elementor-element elementor-element-3cc9300 elementor-widget elementor-widget-image\" data-id=\"3cc9300\" data-element_type=\"widget\" data-widget_type=\"image.default\">\n\t\t\t\t<div class=\"elementor-widget-container\">\n\t\t\t\t\t<div class=\"elementor-image\">\n\t\t\t\t\t\t\t\t\t\t<img loading=\"lazy\" decoding=\"async\" width=\"250\" height=\"156\" src=\"https:\/\/gehoorverliesindeklas.arteveldehogeschool.be\/audiologie\/gehoorverliesindeklas\/wp-content\/uploads\/2021\/02\/soloapparatuur-250.jpg\" class=\"attachment-large size-large\" alt=\"\" srcset=\"https:\/\/gehoorverliesindeklas.arteveldehogeschool.be\/audiologie\/gehoorverliesindeklas\/wp-content\/uploads\/2021\/02\/soloapparatuur-250.jpg 250w, https:\/\/gehoorverliesindeklas.arteveldehogeschool.be\/audiologie\/gehoorverliesindeklas\/wp-content\/uploads\/2021\/02\/soloapparatuur-250-230x144.jpg 230w\" sizes=\"auto, (max-width: 250px) 100vw, 250px\" \/>\t\t\t\t\t\t\t\t\t\t\t<\/div>\n\t\t\t\t<\/div>\n\t\t\t\t<\/div>\n\t\t\t\t<div class=\"elementor-element elementor-element-174da54 elementor-widget elementor-widget-text-editor\" data-id=\"174da54\" data-element_type=\"widget\" data-widget_type=\"text-editor.default\">\n\t\t\t\t<div class=\"elementor-widget-container\">\n\t\t\t\t\t<div class=\"elementor-text-editor elementor-clearfix\"><\/div>\n\t\t\t\t<\/div>\n\t\t\t\t<\/div>\n\t\t\t\t\t\t<\/div>\n\t\t\t\t\t<\/div>\n\t\t<\/div>\n\t\t\t\t<div class=\"elementor-column elementor-col-33 elementor-inner-column elementor-element elementor-element-cd96cb9\" data-id=\"cd96cb9\" data-element_type=\"column\">\n\t\t\t<div class=\"elementor-column-wrap\">\n\t\t\t\t\t\t\t<div class=\"elementor-widget-wrap\">\n\t\t\t\t\t\t\t\t<\/div>\n\t\t\t\t\t<\/div>\n\t\t<\/div>\n\t\t\t\t\t\t\t\t<\/div>\n\t\t\t\t\t<\/div>\n\t\t<\/section>\n\t\t\t\t\t\t<\/div>\n\t\t\t\t\t<\/div>\n\t\t<\/div>\n\t\t\t\t\t\t\t\t<\/div>\n\t\t\t\t\t<\/div>\n\t\t<\/section>\n\t\t\t\t<section class=\"elementor-section elementor-top-section elementor-element elementor-element-0cb4371 elementor-section-boxed elementor-section-height-default elementor-section-height-default\" data-id=\"0cb4371\" data-element_type=\"section\">\n\t\t\t\t\t\t<div class=\"elementor-container elementor-column-gap-default\">\n\t\t\t\t\t\t\t<div class=\"elementor-row\">\n\t\t\t\t\t<div class=\"elementor-column elementor-col-100 elementor-top-column elementor-element elementor-element-db76a72\" data-id=\"db76a72\" data-element_type=\"column\">\n\t\t\t<div class=\"elementor-column-wrap elementor-element-populated\">\n\t\t\t\t\t\t\t<div class=\"elementor-widget-wrap\">\n\t\t\t\t\t\t<div class=\"elementor-element elementor-element-024e3ee elementor-widget elementor-widget-spacer\" data-id=\"024e3ee\" data-element_type=\"widget\" data-widget_type=\"spacer.default\">\n\t\t\t\t<div class=\"elementor-widget-container\">\n\t\t\t\t\t<div class=\"elementor-spacer\">\n\t\t\t<div class=\"elementor-spacer-inner\"><\/div>\n\t\t<\/div>\n\t\t\t\t<\/div>\n\t\t\t\t<\/div>\n\t\t\t\t<div class=\"elementor-element elementor-element-8b6ef2f elementor-widget-divider--view-line_text elementor-widget-divider--element-align-center elementor-widget elementor-widget-divider\" data-id=\"8b6ef2f\" data-element_type=\"widget\" data-widget_type=\"divider.default\">\n\t\t\t\t<div class=\"elementor-widget-container\">\n\t\t\t\t\t<div class=\"elementor-divider\">\n\t\t\t<span class=\"elementor-divider-separator\">\n\t\t\t\t\t\t\t<span class=\"elementor-divider__text elementor-divider__element\">BRONNEN<\/span>\n\t\t\t\t\t\t<\/span>\n\t\t<\/div>\n\t\t\t\t<\/div>\n\t\t\t\t<\/div>\n\t\t\t\t<div class=\"elementor-element elementor-element-ace765e elementor-widget elementor-widget-text-editor\" data-id=\"ace765e\" data-element_type=\"widget\" data-widget_type=\"text-editor.default\">\n\t\t\t\t<div class=\"elementor-widget-container\">\n\t\t\t\t\t<div class=\"elementor-text-editor elementor-clearfix\"><ul><li>Erasmus MC. (z.d.). [Foto]. Erasmus MC. https:\/\/patientenfolders.erasmusmc.nl\/folders\/cochleair_implantaat_(ci)_bij_kinderen<\/li><\/ul><ul><li>Hoorwijzer. (z.d.). [Foto]. Hoorwijzer. https:\/\/www.hoorwijzer.nl\/hoorhulpmiddelen\/hoortoestel\/<\/li><\/ul><ul><li>HOorzaken. (z.d.). [Foto]. HOorzaken. https:\/\/www.hoorzaken.nl\/hoorverbetering\/hoorhulpmiddelen\/solo-apparatuur\/<\/li><\/ul><ul><li>UZA. (z.d.). [Foto]. UZA. https:\/\/www.uza.be\/behandeling\/bone-anchored-hearing-aid-baha<\/li><\/ul><\/div>\n\t\t\t\t<\/div>\n\t\t\t\t<\/div>\n\t\t\t\t\t\t<\/div>\n\t\t\t\t\t<\/div>\n\t\t<\/div>\n\t\t\t\t\t\t\t\t<\/div>\n\t\t\t\t\t<\/div>\n\t\t<\/section>\n\t\t\t\t\t\t<\/div>\n\t\t\t\t\t\t<\/div>\n\t\t\t\t\t<\/div>\n\t\t","protected":false},"excerpt":{"rendered":"<p>Er bestaan verschillende auditieve hulpmiddelen. Hoortoestellen, cochleaire implantaten en beengeleidingssystemen zijn de drie meest gekende auditieve hulpmiddelen. De keuze van het hulpmiddel [&hellip;]<\/p>\n","protected":false},"author":6,"featured_media":0,"parent":116,"menu_order":0,"comment_status":"closed","ping_status":"closed","template":"","meta":{"_bbp_topic_count":0,"_bbp_reply_count":0,"_bbp_total_topic_count":0,"_bbp_total_reply_count":0,"_bbp_voice_count":0,"_bbp_anonymous_reply_count":0,"_bbp_topic_count_hidden":0,"_bbp_reply_count_hidden":0,"_bbp_forum_subforum_count":0,"footnotes":""},"class_list":["post-937","page","type-page","status-publish","hentry"],"_links":{"self":[{"href":"https:\/\/gehoorverliesindeklas.arteveldehogeschool.be\/audiologie\/gehoorverliesindeklas\/index.php?rest_route=\/wp\/v2\/pages\/937","targetHints":{"allow":["GET"]}}],"collection":[{"href":"https:\/\/gehoorverliesindeklas.arteveldehogeschool.be\/audiologie\/gehoorverliesindeklas\/index.php?rest_route=\/wp\/v2\/pages"}],"about":[{"href":"https:\/\/gehoorverliesindeklas.arteveldehogeschool.be\/audiologie\/gehoorverliesindeklas\/index.php?rest_route=\/wp\/v2\/types\/page"}],"author":[{"embeddable":true,"href":"https:\/\/gehoorverliesindeklas.arteveldehogeschool.be\/audiologie\/gehoorverliesindeklas\/index.php?rest_route=\/wp\/v2\/users\/6"}],"replies":[{"embeddable":true,"href":"https:\/\/gehoorverliesindeklas.arteveldehogeschool.be\/audiologie\/gehoorverliesindeklas\/index.php?rest_route=%2Fwp%2Fv2%2Fcomments&post=937"}],"version-history":[{"count":121,"href":"https:\/\/gehoorverliesindeklas.arteveldehogeschool.be\/audiologie\/gehoorverliesindeklas\/index.php?rest_route=\/wp\/v2\/pages\/937\/revisions"}],"predecessor-version":[{"id":8760,"href":"https:\/\/gehoorverliesindeklas.arteveldehogeschool.be\/audiologie\/gehoorverliesindeklas\/index.php?rest_route=\/wp\/v2\/pages\/937\/revisions\/8760"}],"up":[{"embeddable":true,"href":"https:\/\/gehoorverliesindeklas.arteveldehogeschool.be\/audiologie\/gehoorverliesindeklas\/index.php?rest_route=\/wp\/v2\/pages\/116"}],"wp:attachment":[{"href":"https:\/\/gehoorverliesindeklas.arteveldehogeschool.be\/audiologie\/gehoorverliesindeklas\/index.php?rest_route=%2Fwp%2Fv2%2Fmedia&parent=937"}],"curies":[{"name":"wp","href":"https:\/\/api.w.org\/{rel}","templated":true}]}}