{"id":522,"date":"2021-02-09T20:40:14","date_gmt":"2021-02-09T19:40:14","guid":{"rendered":"https:\/\/www.arteveldehogeschool.be\/audiologie\/gehoorverliesindeklas\/?page_id=522"},"modified":"2024-01-25T11:35:20","modified_gmt":"2024-01-25T10:35:20","slug":"aanpassingen-klaslokaal","status":"publish","type":"page","link":"https:\/\/gehoorverliesindeklas.arteveldehogeschool.be\/audiologie\/gehoorverliesindeklas\/?page_id=522","title":{"rendered":"Aanpassingen klaslokaal"},"content":{"rendered":"\t\t<div data-elementor-type=\"wp-page\" data-elementor-id=\"522\" class=\"elementor elementor-522\" data-elementor-settings=\"[]\">\n\t\t\t\t\t\t<div class=\"elementor-inner\">\n\t\t\t\t\t\t\t<div class=\"elementor-section-wrap\">\n\t\t\t\t\t\t\t<section class=\"elementor-section elementor-top-section elementor-element elementor-element-79b454d elementor-section-boxed elementor-section-height-default elementor-section-height-default\" data-id=\"79b454d\" data-element_type=\"section\">\n\t\t\t\t\t\t<div class=\"elementor-container elementor-column-gap-default\">\n\t\t\t\t\t\t\t<div class=\"elementor-row\">\n\t\t\t\t\t<div class=\"elementor-column elementor-col-100 elementor-top-column elementor-element elementor-element-6e90566\" data-id=\"6e90566\" data-element_type=\"column\">\n\t\t\t<div class=\"elementor-column-wrap elementor-element-populated\">\n\t\t\t\t\t\t\t<div class=\"elementor-widget-wrap\">\n\t\t\t\t\t\t<div class=\"elementor-element elementor-element-4a640db elementor-widget elementor-widget-text-editor\" data-id=\"4a640db\" data-element_type=\"widget\" data-widget_type=\"text-editor.default\">\n\t\t\t\t<div class=\"elementor-widget-container\">\n\t\t\t\t\t<div class=\"elementor-text-editor elementor-clearfix\"><p>Als leerkracht kan je enkele aanpassingen in jouw klaslokaal maken om de akoestiek en zo het spraakverstaan voor de leerling met gehoorverlies \u00e9n de klasgenoten te verbeteren. Een goede akoestiek is namelijk voordelig voor iedereen in het lokaal!<\/p><p>Een slechte akoestiek wordt <strong>door twee zaken veroorzaakt<\/strong>: te veel achtergrondlawaai en\/of te veel galm in het lokaal.<\/p><p>Hieronder vind je <strong>tips<\/strong> om jouw klaslokaal voor de leerling met gehoorverlies te verbeteren:<\/p><ul><li>Zet de banken in een (halve) cirkel. Sommige slechthorenden maken gebruik van liplezen en kunnen op deze manier de klasgenoten beter zien.<\/li><\/ul><ul><li>Als het kind aan \u00e9\u00e9n kant een hoortoestel of CI draagt, zorg er dan voor dat dit oor naar de meeste kinderen in de klas gericht is. Dit is namelijk het beste oor.<\/li><\/ul><ul><li>Laat de leerling niet tegen het licht inkijken. Het is dan moeilijker om het gezicht en het mondbeeld van de leerkracht te zien.<\/li><\/ul><ul><li>Zorg dat de leerling een goede plaats in de klas krijgt: zet de leerling nooit te ver van de juf\/meester. Hoe verder het kind van de juf\/meester zit, hoe moeilijker het is om de spraak te verstaan. Maar zorg wel dat het kind jouw gezicht en dus jouw mondbeeld goed kan zien!<\/li><\/ul><\/div>\n\t\t\t\t<\/div>\n\t\t\t\t<\/div>\n\t\t\t\t<div class=\"elementor-element elementor-element-d593de0 elementor-widget elementor-widget-spacer\" data-id=\"d593de0\" data-element_type=\"widget\" data-widget_type=\"spacer.default\">\n\t\t\t\t<div class=\"elementor-widget-container\">\n\t\t\t\t\t<div class=\"elementor-spacer\">\n\t\t\t<div class=\"elementor-spacer-inner\"><\/div>\n\t\t<\/div>\n\t\t\t\t<\/div>\n\t\t\t\t<\/div>\n\t\t\t\t<section class=\"elementor-section elementor-inner-section elementor-element elementor-element-98dac1c elementor-section-boxed elementor-section-height-default elementor-section-height-default\" data-id=\"98dac1c\" data-element_type=\"section\">\n\t\t\t\t\t\t<div class=\"elementor-container elementor-column-gap-default\">\n\t\t\t\t\t\t\t<div class=\"elementor-row\">\n\t\t\t\t\t<div class=\"elementor-column elementor-col-50 elementor-inner-column elementor-element elementor-element-045d137\" data-id=\"045d137\" data-element_type=\"column\">\n\t\t\t<div class=\"elementor-column-wrap elementor-element-populated\">\n\t\t\t\t\t\t\t<div class=\"elementor-widget-wrap\">\n\t\t\t\t\t\t<div class=\"elementor-element elementor-element-20ea7b7 elementor-view-default elementor-widget elementor-widget-icon\" data-id=\"20ea7b7\" data-element_type=\"widget\" data-widget_type=\"icon.default\">\n\t\t\t\t<div class=\"elementor-widget-container\">\n\t\t\t\t\t<div class=\"elementor-icon-wrapper\">\n\t\t\t<div class=\"elementor-icon\">\n\t\t\t<i aria-hidden=\"true\" class=\"fas fa-book-open\"><\/i>\t\t\t<\/div>\n\t\t<\/div>\n\t\t\t\t<\/div>\n\t\t\t\t<\/div>\n\t\t\t\t<div class=\"elementor-element elementor-element-a6b3630 elementor-absolute elementor-widget elementor-widget-text-editor\" data-id=\"a6b3630\" data-element_type=\"widget\" data-settings=\"{&quot;_position&quot;:&quot;absolute&quot;}\" data-widget_type=\"text-editor.default\">\n\t\t\t\t<div class=\"elementor-widget-container\">\n\t\t\t\t\t<div class=\"elementor-text-editor elementor-clearfix\"><p><strong>EXTRA INFO<\/strong><\/p><\/div>\n\t\t\t\t<\/div>\n\t\t\t\t<\/div>\n\t\t\t\t\t\t<\/div>\n\t\t\t\t\t<\/div>\n\t\t<\/div>\n\t\t\t\t<div class=\"elementor-column elementor-col-50 elementor-inner-column elementor-element elementor-element-5db417b\" data-id=\"5db417b\" data-element_type=\"column\">\n\t\t\t<div class=\"elementor-column-wrap elementor-element-populated\">\n\t\t\t\t\t\t\t<div class=\"elementor-widget-wrap\">\n\t\t\t\t\t\t<div class=\"elementor-element elementor-element-3dc0178 elementor-widget elementor-widget-text-editor\" data-id=\"3dc0178\" data-element_type=\"widget\" data-widget_type=\"text-editor.default\">\n\t\t\t\t<div class=\"elementor-widget-container\">\n\t\t\t\t\t<div class=\"elementor-text-editor elementor-clearfix\"><p>Het geluidsniveau daalt naarmate de afstand groter wordt. Wanneer de afstand verdubbelt, neemt het geluidsniveau met 6 decibel af. Een ideale afstand tussen leerkracht en leerling is 3 \u00e0 4 meter. De leerling te dichtbij zetten is daarentegen ook niet de beste oplossing, want hij\/zij moet dan steeds omhoog kijken om het mondbeeld en de non-verbale communicatie van de leerkracht te kunnen zien.<\/p><\/div>\n\t\t\t\t<\/div>\n\t\t\t\t<\/div>\n\t\t\t\t\t\t<\/div>\n\t\t\t\t\t<\/div>\n\t\t<\/div>\n\t\t\t\t\t\t\t\t<\/div>\n\t\t\t\t\t<\/div>\n\t\t<\/section>\n\t\t\t\t<div class=\"elementor-element elementor-element-495b355 elementor-widget elementor-widget-text-editor\" data-id=\"495b355\" data-element_type=\"widget\" data-widget_type=\"text-editor.default\">\n\t\t\t\t<div class=\"elementor-widget-container\">\n\t\t\t\t\t<div class=\"elementor-text-editor elementor-clearfix\"><ul><li>Cre\u00eber een rustig hoekje in het klaslokaal. Hier kan je een \u00e9\u00e9n-op-\u00e9\u00e9n gesprek met de leerling voeren om bijvoorbeeld een opdracht uit te leggen zonder dat het kind al te veel last van omgevingsgeluiden ervaart.<\/li><\/ul><ul><li>Ga na hoe je het omgevingslawaai kan verminderen in het klaslokaal.<ul><li>Plaats bijvoorbeeld stukjes vilt onder de stoel- en tafelpoten om het lawaai te verminderen.<\/li><\/ul><\/li><\/ul><ul><li style=\"list-style-type: none;\"><ul><li>Schakel apparaten (bv. radio&#8217;s, computers&#8230;) uit wanneer ze niet gebruikt worden. Op die manier heeft de leerling geen last van achtergrondlawaai van deze apparaten.<\/li><\/ul><\/li><\/ul><ul><li style=\"list-style-type: none;\"><ul><li>Zacht tapijt op de vloer zorgt voor verminderd lawaai van stoelen, voetstappen&#8230;<\/li><\/ul><\/li><\/ul><ul><li style=\"list-style-type: none;\"><ul><li>Sluit de deur en het raam van het klaslokaal zodat er minder lawaai van buitenaf komt.<\/li><\/ul><\/li><\/ul><ul><li style=\"list-style-type: none;\"><ul><li>Plaats eventueel een decibelmeter of lawaaimeter in de klas en spreek met de leerlingen af onder welke dB of in welke kleur ze moeten blijven. Als er veel gepraat wordt, kan de leerling met gehoorverlies zich minder goed concentreren op \u00e9\u00e9n spreker.<\/li><\/ul><\/li><\/ul><\/div>\n\t\t\t\t<\/div>\n\t\t\t\t<\/div>\n\t\t\t\t<div class=\"elementor-element elementor-element-4cd5037 elementor-widget elementor-widget-spacer\" data-id=\"4cd5037\" data-element_type=\"widget\" data-widget_type=\"spacer.default\">\n\t\t\t\t<div class=\"elementor-widget-container\">\n\t\t\t\t\t<div class=\"elementor-spacer\">\n\t\t\t<div class=\"elementor-spacer-inner\"><\/div>\n\t\t<\/div>\n\t\t\t\t<\/div>\n\t\t\t\t<\/div>\n\t\t\t\t<section class=\"elementor-section elementor-inner-section elementor-element elementor-element-b65a535 elementor-section-boxed elementor-section-height-default elementor-section-height-default\" data-id=\"b65a535\" data-element_type=\"section\">\n\t\t\t\t\t\t<div class=\"elementor-container elementor-column-gap-default\">\n\t\t\t\t\t\t\t<div class=\"elementor-row\">\n\t\t\t\t\t<div class=\"elementor-column elementor-col-33 elementor-inner-column elementor-element elementor-element-6c447dc\" data-id=\"6c447dc\" data-element_type=\"column\">\n\t\t\t<div class=\"elementor-column-wrap\">\n\t\t\t\t\t\t\t<div class=\"elementor-widget-wrap\">\n\t\t\t\t\t\t\t\t<\/div>\n\t\t\t\t\t<\/div>\n\t\t<\/div>\n\t\t\t\t<div class=\"elementor-column elementor-col-33 elementor-inner-column elementor-element elementor-element-4bc8fb1\" data-id=\"4bc8fb1\" data-element_type=\"column\">\n\t\t\t<div class=\"elementor-column-wrap elementor-element-populated\">\n\t\t\t\t\t\t\t<div class=\"elementor-widget-wrap\">\n\t\t\t\t\t\t<div class=\"elementor-element elementor-element-fee9ad4 elementor-widget elementor-widget-image\" data-id=\"fee9ad4\" data-element_type=\"widget\" data-widget_type=\"image.default\">\n\t\t\t\t<div class=\"elementor-widget-container\">\n\t\t\t\t\t<div class=\"elementor-image\">\n\t\t\t\t\t\t\t<figure class=\"wp-caption\">\n\t\t\t\t\t\t\t\t\t\t<img loading=\"lazy\" decoding=\"async\" width=\"250\" height=\"250\" src=\"https:\/\/gehoorverliesindeklas.arteveldehogeschool.be\/audiologie\/gehoorverliesindeklas\/wp-content\/uploads\/2021\/05\/Lawaaimeter-lagere-school.png\" class=\"attachment-large size-large\" alt=\"\" srcset=\"https:\/\/gehoorverliesindeklas.arteveldehogeschool.be\/audiologie\/gehoorverliesindeklas\/wp-content\/uploads\/2021\/05\/Lawaaimeter-lagere-school.png 250w, https:\/\/gehoorverliesindeklas.arteveldehogeschool.be\/audiologie\/gehoorverliesindeklas\/wp-content\/uploads\/2021\/05\/Lawaaimeter-lagere-school-150x150.png 150w, https:\/\/gehoorverliesindeklas.arteveldehogeschool.be\/audiologie\/gehoorverliesindeklas\/wp-content\/uploads\/2021\/05\/Lawaaimeter-lagere-school-230x230.png 230w\" sizes=\"auto, (max-width: 250px) 100vw, 250px\" \/>\t\t\t\t\t\t\t\t\t\t\t<figcaption class=\"widget-image-caption wp-caption-text\">Bron: Goed-Gezien<\/figcaption>\n\t\t\t\t\t\t\t\t\t\t<\/figure>\n\t\t\t\t\t<\/div>\n\t\t\t\t<\/div>\n\t\t\t\t<\/div>\n\t\t\t\t\t\t<\/div>\n\t\t\t\t\t<\/div>\n\t\t<\/div>\n\t\t\t\t<div class=\"elementor-column elementor-col-33 elementor-inner-column elementor-element elementor-element-259e6a7\" data-id=\"259e6a7\" data-element_type=\"column\">\n\t\t\t<div class=\"elementor-column-wrap\">\n\t\t\t\t\t\t\t<div class=\"elementor-widget-wrap\">\n\t\t\t\t\t\t\t\t<\/div>\n\t\t\t\t\t<\/div>\n\t\t<\/div>\n\t\t\t\t\t\t\t\t<\/div>\n\t\t\t\t\t<\/div>\n\t\t<\/section>\n\t\t\t\t<section class=\"elementor-section elementor-inner-section elementor-element elementor-element-c8a515b elementor-section-boxed elementor-section-height-default elementor-section-height-default\" data-id=\"c8a515b\" data-element_type=\"section\">\n\t\t\t\t\t\t<div class=\"elementor-container elementor-column-gap-default\">\n\t\t\t\t\t\t\t<div class=\"elementor-row\">\n\t\t\t\t\t<div class=\"elementor-column elementor-col-50 elementor-inner-column elementor-element elementor-element-621a426\" data-id=\"621a426\" data-element_type=\"column\">\n\t\t\t<div class=\"elementor-column-wrap elementor-element-populated\">\n\t\t\t\t\t\t\t<div class=\"elementor-widget-wrap\">\n\t\t\t\t\t\t<div class=\"elementor-element elementor-element-6c83a94 elementor-widget elementor-widget-text-editor\" data-id=\"6c83a94\" data-element_type=\"widget\" data-widget_type=\"text-editor.default\">\n\t\t\t\t<div class=\"elementor-widget-container\">\n\t\t\t\t\t<div class=\"elementor-text-editor elementor-clearfix\"><ul><li>Installeer indien mogelijk baffles\/panelen op het plafond. Deze verbeteren de akoestiek en absorberen het geluid waardoor de galm in de ruimte vermindert.<\/li><\/ul><\/div>\n\t\t\t\t<\/div>\n\t\t\t\t<\/div>\n\t\t\t\t\t\t<\/div>\n\t\t\t\t\t<\/div>\n\t\t<\/div>\n\t\t\t\t<div class=\"elementor-column elementor-col-50 elementor-inner-column elementor-element elementor-element-ff3935b\" data-id=\"ff3935b\" data-element_type=\"column\">\n\t\t\t<div class=\"elementor-column-wrap elementor-element-populated\">\n\t\t\t\t\t\t\t<div class=\"elementor-widget-wrap\">\n\t\t\t\t\t\t<div class=\"elementor-element elementor-element-50ec15d elementor-widget elementor-widget-image\" data-id=\"50ec15d\" data-element_type=\"widget\" data-widget_type=\"image.default\">\n\t\t\t\t<div class=\"elementor-widget-container\">\n\t\t\t\t\t<div class=\"elementor-image\">\n\t\t\t\t\t\t\t<figure class=\"wp-caption\">\n\t\t\t\t\t\t\t\t\t\t<img loading=\"lazy\" decoding=\"async\" width=\"150\" height=\"150\" src=\"https:\/\/gehoorverliesindeklas.arteveldehogeschool.be\/audiologie\/gehoorverliesindeklas\/wp-content\/uploads\/2021\/03\/385399e1bd6d5338af26e2e255950c07-150x150.jpg\" class=\"attachment-thumbnail size-thumbnail\" alt=\"\" \/>\t\t\t\t\t\t\t\t\t\t\t<figcaption class=\"widget-image-caption wp-caption-text\">Bron: Memtech Acoustical<\/figcaption>\n\t\t\t\t\t\t\t\t\t\t<\/figure>\n\t\t\t\t\t<\/div>\n\t\t\t\t<\/div>\n\t\t\t\t<\/div>\n\t\t\t\t\t\t<\/div>\n\t\t\t\t\t<\/div>\n\t\t<\/div>\n\t\t\t\t\t\t\t\t<\/div>\n\t\t\t\t\t<\/div>\n\t\t<\/section>\n\t\t\t\t\t\t<\/div>\n\t\t\t\t\t<\/div>\n\t\t<\/div>\n\t\t\t\t\t\t\t\t<\/div>\n\t\t\t\t\t<\/div>\n\t\t<\/section>\n\t\t\t\t<section class=\"elementor-section elementor-top-section elementor-element elementor-element-9f997b7 elementor-section-boxed elementor-section-height-default elementor-section-height-default\" data-id=\"9f997b7\" data-element_type=\"section\">\n\t\t\t\t\t\t<div class=\"elementor-container elementor-column-gap-default\">\n\t\t\t\t\t\t\t<div class=\"elementor-row\">\n\t\t\t\t\t<div class=\"elementor-column elementor-col-100 elementor-top-column elementor-element elementor-element-86e6e8a\" data-id=\"86e6e8a\" data-element_type=\"column\">\n\t\t\t<div class=\"elementor-column-wrap elementor-element-populated\">\n\t\t\t\t\t\t\t<div class=\"elementor-widget-wrap\">\n\t\t\t\t\t\t<div class=\"elementor-element elementor-element-ecf7f0b elementor-widget-divider--separator-type-pattern elementor-widget-divider--view-line elementor-widget elementor-widget-divider\" data-id=\"ecf7f0b\" data-element_type=\"widget\" data-widget_type=\"divider.default\">\n\t\t\t\t<div class=\"elementor-widget-container\">\n\t\t\t\t\t<div class=\"elementor-divider\" style=\"--divider-pattern-url: url(&quot;data:image\/svg+xml,%3Csvg xmlns=&#039;http:\/\/www.w3.org\/2000\/svg&#039; preserveAspectRatio=&#039;none&#039; overflow=&#039;visible&#039; height=&#039;100%&#039; viewBox=&#039;0 0 20 16&#039; fill=&#039;none&#039; stroke=&#039;black&#039; stroke-width=&#039;1&#039; stroke-linecap=&#039;square&#039; stroke-miterlimit=&#039;10&#039;%3E%3Cg transform=&#039;translate(-12.000000, 0)&#039;%3E%3Cpath d=&#039;M28,0L10,18&#039;\/%3E%3Cpath d=&#039;M18,0L0,18&#039;\/%3E%3Cpath d=&#039;M48,0L30,18&#039;\/%3E%3Cpath d=&#039;M38,0L20,18&#039;\/%3E%3C\/g%3E%3C\/svg%3E&quot;);\">\n\t\t\t<span class=\"elementor-divider-separator\">\n\t\t\t\t\t\t<\/span>\n\t\t<\/div>\n\t\t\t\t<\/div>\n\t\t\t\t<\/div>\n\t\t\t\t<div class=\"elementor-element elementor-element-f90474f elementor-widget elementor-widget-text-editor\" data-id=\"f90474f\" data-element_type=\"widget\" data-widget_type=\"text-editor.default\">\n\t\t\t\t<div class=\"elementor-widget-container\">\n\t\t\t\t\t<div class=\"elementor-text-editor elementor-clearfix\"><p>Wil je nagaan hoe <strong>akoestiek vriendelijk<\/strong> jouw klaslokaal eigenlijk is? Bekijk dan onderstaande checklist van Onici.<\/p><p>Lees onder het document de uitleg over waarom iets goed\/minder goed is voor de akoestiek.<\/p><\/div>\n\t\t\t\t<\/div>\n\t\t\t\t<\/div>\n\t\t\t\t<div class=\"elementor-element elementor-element-644cdd5 elementor-widget elementor-widget-image\" data-id=\"644cdd5\" data-element_type=\"widget\" data-widget_type=\"image.default\">\n\t\t\t\t<div class=\"elementor-widget-container\">\n\t\t\t\t\t<div class=\"elementor-image\">\n\t\t\t\t\t\t\t<figure class=\"wp-caption\">\n\t\t\t\t\t\t\t\t\t\t\t<a href=\"https:\/\/www.onici.be\/userfiles\/files\/checklist%20klasakoestiek%2C%20vertaling%20ONICI.pdf\" target=\"_blank\">\n\t\t\t\t\t\t\t<img loading=\"lazy\" decoding=\"async\" width=\"724\" height=\"1024\" src=\"https:\/\/gehoorverliesindeklas.arteveldehogeschool.be\/audiologie\/gehoorverliesindeklas\/wp-content\/uploads\/2021\/02\/IMG_00001-724x1024.png\" class=\"attachment-large size-large\" alt=\"\" srcset=\"https:\/\/gehoorverliesindeklas.arteveldehogeschool.be\/audiologie\/gehoorverliesindeklas\/wp-content\/uploads\/2021\/02\/IMG_00001-724x1024.png 724w, https:\/\/gehoorverliesindeklas.arteveldehogeschool.be\/audiologie\/gehoorverliesindeklas\/wp-content\/uploads\/2021\/02\/IMG_00001-212x300.png 212w, https:\/\/gehoorverliesindeklas.arteveldehogeschool.be\/audiologie\/gehoorverliesindeklas\/wp-content\/uploads\/2021\/02\/IMG_00001-768x1086.png 768w, https:\/\/gehoorverliesindeklas.arteveldehogeschool.be\/audiologie\/gehoorverliesindeklas\/wp-content\/uploads\/2021\/02\/IMG_00001-1086x1536.png 1086w, https:\/\/gehoorverliesindeklas.arteveldehogeschool.be\/audiologie\/gehoorverliesindeklas\/wp-content\/uploads\/2021\/02\/IMG_00001-830x1174.png 830w, https:\/\/gehoorverliesindeklas.arteveldehogeschool.be\/audiologie\/gehoorverliesindeklas\/wp-content\/uploads\/2021\/02\/IMG_00001-230x325.png 230w, https:\/\/gehoorverliesindeklas.arteveldehogeschool.be\/audiologie\/gehoorverliesindeklas\/wp-content\/uploads\/2021\/02\/IMG_00001-350x495.png 350w, https:\/\/gehoorverliesindeklas.arteveldehogeschool.be\/audiologie\/gehoorverliesindeklas\/wp-content\/uploads\/2021\/02\/IMG_00001-480x679.png 480w, https:\/\/gehoorverliesindeklas.arteveldehogeschool.be\/audiologie\/gehoorverliesindeklas\/wp-content\/uploads\/2021\/02\/IMG_00001.png 1240w\" sizes=\"auto, (max-width: 724px) 100vw, 724px\" \/>\t\t\t\t\t\t\t\t<\/a>\n\t\t\t\t\t\t\t\t\t\t\t<figcaption class=\"widget-image-caption wp-caption-text\">Bron: Onici<\/figcaption>\n\t\t\t\t\t\t\t\t\t\t<\/figure>\n\t\t\t\t\t<\/div>\n\t\t\t\t<\/div>\n\t\t\t\t<\/div>\n\t\t\t\t<div class=\"elementor-element elementor-element-f7c8beb elementor-widget elementor-widget-text-editor\" data-id=\"f7c8beb\" data-element_type=\"widget\" data-widget_type=\"text-editor.default\">\n\t\t\t\t<div class=\"elementor-widget-container\">\n\t\t\t\t\t<div class=\"elementor-text-editor elementor-clearfix\"><div class=\"elementor-element elementor-element-212b6b5 elementor-widget elementor-widget-text-editor\" data-id=\"212b6b5\" data-element_type=\"widget\" data-widget_type=\"text-editor.default\"><div class=\"elementor-widget-container\"><div class=\"elementor-text-editor elementor-clearfix\"><p><strong>Slecht passende deuren\/open ruimte en hoog plafond:<\/strong><\/p><p>Oude, niet goed passende deuren laten veel lawaai van buitenaf door. Dit kan voor het kind met gehoorverlies storend zijn.<br \/>Een open ruimte en\/of een hoog plafond zorgen ervoor dat er veel galm kan ontstaan. Dit kan het luisteren voor de leerling met gehoorverlies moeilijker maken.<\/p><p><strong>Harde plafontegels, harde vloer &amp; raamdecoratie:<\/strong><\/p><p>Door harde plafondtegels, muren en vloeren ontstaat er galm in het klaslokaal. Dit kan voor het kind met een hoorhulpmiddel erg storend zijn. Zachte wanden, gordijnen, tapijten\u2026 verminderen dit storend geluid, omdat het meer in staat is om geluiden te absorberen. Daarom zijn deze materialen in het groen op bovenstaande checklist aangeduid.<\/p><p><strong>Lawaai in\/buiten de klas: <\/strong><\/p><p>Vele geluiden die in de klas door de medeleerlingen, de aanwezige apparatuur, de verlichting\u2026 gemaakt worden, zal de leerling ook horen via zijn\/haar hoorhulpmiddel. Dit kan de leerling als storend ervaren, omdat het zo moeilijker wordt om zich te focussen op wat er gezegd wordt. Daarom streeft men naar zo min mogelijk storende factoren in de ruimte. Hetzelfde geldt voor lawaai afkomstig van buiten het klaslokaal.<\/p><\/div><\/div><\/div><\/div>\n\t\t\t\t<\/div>\n\t\t\t\t<\/div>\n\t\t\t\t\t\t<\/div>\n\t\t\t\t\t<\/div>\n\t\t<\/div>\n\t\t\t\t\t\t\t\t<\/div>\n\t\t\t\t\t<\/div>\n\t\t<\/section>\n\t\t\t\t<section class=\"elementor-section elementor-top-section elementor-element elementor-element-f8004d0 elementor-section-boxed elementor-section-height-default elementor-section-height-default\" data-id=\"f8004d0\" data-element_type=\"section\">\n\t\t\t\t\t\t<div class=\"elementor-container elementor-column-gap-default\">\n\t\t\t\t\t\t\t<div class=\"elementor-row\">\n\t\t\t\t\t<div class=\"elementor-column elementor-col-100 elementor-top-column elementor-element elementor-element-1ef123d\" data-id=\"1ef123d\" data-element_type=\"column\">\n\t\t\t<div class=\"elementor-column-wrap elementor-element-populated\">\n\t\t\t\t\t\t\t<div class=\"elementor-widget-wrap\">\n\t\t\t\t\t\t<div class=\"elementor-element elementor-element-6a82298 elementor-widget elementor-widget-spacer\" data-id=\"6a82298\" data-element_type=\"widget\" data-widget_type=\"spacer.default\">\n\t\t\t\t<div class=\"elementor-widget-container\">\n\t\t\t\t\t<div class=\"elementor-spacer\">\n\t\t\t<div class=\"elementor-spacer-inner\"><\/div>\n\t\t<\/div>\n\t\t\t\t<\/div>\n\t\t\t\t<\/div>\n\t\t\t\t<div class=\"elementor-element elementor-element-5f39ba8 elementor-widget-divider--view-line_text elementor-widget-divider--element-align-center elementor-widget elementor-widget-divider\" data-id=\"5f39ba8\" data-element_type=\"widget\" data-widget_type=\"divider.default\">\n\t\t\t\t<div class=\"elementor-widget-container\">\n\t\t\t\t\t<div class=\"elementor-divider\">\n\t\t\t<span class=\"elementor-divider-separator\">\n\t\t\t\t\t\t\t<span class=\"elementor-divider__text elementor-divider__element\">BRONNEN<\/span>\n\t\t\t\t\t\t<\/span>\n\t\t<\/div>\n\t\t\t\t<\/div>\n\t\t\t\t<\/div>\n\t\t\t\t<div class=\"elementor-element elementor-element-a89dc50 elementor-widget elementor-widget-text-editor\" data-id=\"a89dc50\" data-element_type=\"widget\" data-widget_type=\"text-editor.default\">\n\t\t\t\t<div class=\"elementor-widget-container\">\n\t\t\t\t\t<div class=\"elementor-text-editor elementor-clearfix\"><section class=\"elementor-section elementor-top-section elementor-element elementor-element-ecc1be6 elementor-section-boxed elementor-section-height-default elementor-section-height-default\" data-id=\"ecc1be6\" data-element_type=\"section\"><div class=\"elementor-container elementor-column-gap-default\"><div class=\"elementor-row\"><div class=\"elementor-column elementor-col-100 elementor-top-column elementor-element elementor-element-6a22f6a\" data-id=\"6a22f6a\" data-element_type=\"column\"><div class=\"elementor-column-wrap elementor-element-populated\"><div class=\"elementor-widget-wrap\"><div class=\"elementor-element elementor-element-97ee33b elementor-widget elementor-widget-text-editor\" data-id=\"97ee33b\" data-element_type=\"widget\" data-widget_type=\"text-editor.default\"><div class=\"elementor-widget-container\"><div class=\"elementor-text-editor elementor-clearfix\"><ul><li>American Speech-Language-Hearing Association [website]. (z.j.). <i>Classroom Acoustics<\/i>. American Speech-Language-Hearing Associaton (ASHA). <\/li><\/ul><ul><li>Braeckman, M., &amp; Gevaert, Y. (z.j.). <em>Een leerling met gehoorproblemen in je klas? <\/em>df<\/li><\/ul><ul><li>Collman, R. (2015, 16 maart).\u00a0<i>Distance Attenuation: How Sound Reduces with Distance<\/i>. Acoustical Control. Geraadpleegd op 16 maart 2021 via https:\/\/www.acoustical.co.uk\/distance-attenuation\/how-sound-reduces-with-distance-from-a-point-source\/<\/li><\/ul><ul><li>EarQ. (2019, 17 september). <i>Hearing Loss in the Classroom: 6 Tips for Teachers<\/i>. https:\/\/www.earq.com\/hearing-health\/articles\/teacher-tips<\/li><\/ul><ul><li>[Foto]. (z.d.). Memtech Acoustical. https:\/\/memtechacoustical.com\/back-to-school-and-the-noisy-classroom\/<\/li><\/ul><ul><li><i>How To Improve Classroom Acoustics: Acoustic Supplies [website]<\/i>. (2021). <\/li><\/ul><ul><li><i>Lawaaimeter<\/i>. (z.d.). [Foto]. Goedgezien. https:\/\/goed-gezien.nl\/product\/lawaaimeter\/<\/li><\/ul><\/div><\/div><\/div><\/div><\/div><\/div><\/div><\/div><\/section><\/div>\n\t\t\t\t<\/div>\n\t\t\t\t<\/div>\n\t\t\t\t\t\t<\/div>\n\t\t\t\t\t<\/div>\n\t\t<\/div>\n\t\t\t\t\t\t\t\t<\/div>\n\t\t\t\t\t<\/div>\n\t\t<\/section>\n\t\t\t\t\t\t<\/div>\n\t\t\t\t\t\t<\/div>\n\t\t\t\t\t<\/div>\n\t\t","protected":false},"excerpt":{"rendered":"<p>Als leerkracht kan je enkele aanpassingen in jouw klaslokaal maken om de akoestiek en zo het spraakverstaan voor de leerling met gehoorverlies [&hellip;]<\/p>\n","protected":false},"author":6,"featured_media":0,"parent":100,"menu_order":0,"comment_status":"closed","ping_status":"closed","template":"","meta":{"_bbp_topic_count":0,"_bbp_reply_count":0,"_bbp_total_topic_count":0,"_bbp_total_reply_count":0,"_bbp_voice_count":0,"_bbp_anonymous_reply_count":0,"_bbp_topic_count_hidden":0,"_bbp_reply_count_hidden":0,"_bbp_forum_subforum_count":0,"footnotes":""},"class_list":["post-522","page","type-page","status-publish","hentry"],"_links":{"self":[{"href":"https:\/\/gehoorverliesindeklas.arteveldehogeschool.be\/audiologie\/gehoorverliesindeklas\/index.php?rest_route=\/wp\/v2\/pages\/522","targetHints":{"allow":["GET"]}}],"collection":[{"href":"https:\/\/gehoorverliesindeklas.arteveldehogeschool.be\/audiologie\/gehoorverliesindeklas\/index.php?rest_route=\/wp\/v2\/pages"}],"about":[{"href":"https:\/\/gehoorverliesindeklas.arteveldehogeschool.be\/audiologie\/gehoorverliesindeklas\/index.php?rest_route=\/wp\/v2\/types\/page"}],"author":[{"embeddable":true,"href":"https:\/\/gehoorverliesindeklas.arteveldehogeschool.be\/audiologie\/gehoorverliesindeklas\/index.php?rest_route=\/wp\/v2\/users\/6"}],"replies":[{"embeddable":true,"href":"https:\/\/gehoorverliesindeklas.arteveldehogeschool.be\/audiologie\/gehoorverliesindeklas\/index.php?rest_route=%2Fwp%2Fv2%2Fcomments&post=522"}],"version-history":[{"count":196,"href":"https:\/\/gehoorverliesindeklas.arteveldehogeschool.be\/audiologie\/gehoorverliesindeklas\/index.php?rest_route=\/wp\/v2\/pages\/522\/revisions"}],"predecessor-version":[{"id":9513,"href":"https:\/\/gehoorverliesindeklas.arteveldehogeschool.be\/audiologie\/gehoorverliesindeklas\/index.php?rest_route=\/wp\/v2\/pages\/522\/revisions\/9513"}],"up":[{"embeddable":true,"href":"https:\/\/gehoorverliesindeklas.arteveldehogeschool.be\/audiologie\/gehoorverliesindeklas\/index.php?rest_route=\/wp\/v2\/pages\/100"}],"wp:attachment":[{"href":"https:\/\/gehoorverliesindeklas.arteveldehogeschool.be\/audiologie\/gehoorverliesindeklas\/index.php?rest_route=%2Fwp%2Fv2%2Fmedia&parent=522"}],"curies":[{"name":"wp","href":"https:\/\/api.w.org\/{rel}","templated":true}]}}