{"id":511,"date":"2021-02-09T20:34:08","date_gmt":"2021-02-09T19:34:08","guid":{"rendered":"https:\/\/www.arteveldehogeschool.be\/audiologie\/gehoorverliesindeklas\/?page_id=511"},"modified":"2024-01-25T11:33:45","modified_gmt":"2024-01-25T10:33:45","slug":"hoorhulpmiddelen","status":"publish","type":"page","link":"https:\/\/gehoorverliesindeklas.arteveldehogeschool.be\/audiologie\/gehoorverliesindeklas\/?page_id=511","title":{"rendered":"Technologie"},"content":{"rendered":"\t\t<div data-elementor-type=\"wp-page\" data-elementor-id=\"511\" class=\"elementor elementor-511\" data-elementor-settings=\"[]\">\n\t\t\t\t\t\t<div class=\"elementor-inner\">\n\t\t\t\t\t\t\t<div class=\"elementor-section-wrap\">\n\t\t\t\t\t\t\t<section class=\"elementor-section elementor-top-section elementor-element elementor-element-bd0a713 elementor-section-boxed elementor-section-height-default elementor-section-height-default\" data-id=\"bd0a713\" data-element_type=\"section\">\n\t\t\t\t\t\t<div class=\"elementor-container elementor-column-gap-default\">\n\t\t\t\t\t\t\t<div class=\"elementor-row\">\n\t\t\t\t\t<div class=\"elementor-column elementor-col-100 elementor-top-column elementor-element elementor-element-d0f64b1\" data-id=\"d0f64b1\" data-element_type=\"column\">\n\t\t\t<div class=\"elementor-column-wrap elementor-element-populated\">\n\t\t\t\t\t\t\t<div class=\"elementor-widget-wrap\">\n\t\t\t\t\t\t<div class=\"elementor-element elementor-element-bc3535c elementor-widget elementor-widget-text-editor\" data-id=\"bc3535c\" data-element_type=\"widget\" data-widget_type=\"text-editor.default\">\n\t\t\t\t<div class=\"elementor-widget-container\">\n\t\t\t\t\t<div class=\"elementor-text-editor elementor-clearfix\"><p>Er bestaan verschillende auditieve hulpmiddelen. Hoortoestellen, cochleaire implantaten en beengeleidingssystemen zijn de drie meest gekende auditieve hulpmiddelen. De keuze van het hulpmiddel is afhankelijk van verschillende factoren, waaronder de ernst van het gehoorverlies. Het beste auditieve hulpmiddel voor het lager school kind wordt in samenspraak met de ouders en het kind bepaald. Men streeft er altijd naar om zo snel mogelijk de beste auditieve correctie aan te bieden vanaf het moment dat het gehoorverlies wordt opgemerkt.<\/p>\n<p>Gehoorverlies kan in \u00e9\u00e9n of in beide oren voorkomen. Een kind met bilateraal gehoorverlies (gehoorverlies aan beide oren) zal hoogstwaarschijnlijk een hulpmiddel aan beide oren dragen. Dit kan voor verschillende combinaties zorgen, bijvoorbeeld een hoortoestel aan beide oren, \u00e9\u00e9n hoortoestel en \u00e9\u00e9n CI, \u00e9\u00e9n beengeleidingssysteem en \u00e9\u00e9n CI\u2026<\/p>\n<p>Hier kan je informatie vinden over de werking van een hoortoestel, een cochleair implantaat of een beengeleidingssysteem.<\/p>\n<p>Naast een hoortoestel of CI bestaan er nog extra hulpmiddelen om het spraakverstaan in een klascontext te optimaliseren. Deze middelen kan je terugvinden bij &#8216;soloapparatuur&#8217;.<\/p><\/div>\n\t\t\t\t<\/div>\n\t\t\t\t<\/div>\n\t\t\t\t\t\t<\/div>\n\t\t\t\t\t<\/div>\n\t\t<\/div>\n\t\t\t\t\t\t\t\t<\/div>\n\t\t\t\t\t<\/div>\n\t\t<\/section>\n\t\t\t\t<section class=\"elementor-section elementor-top-section elementor-element elementor-element-869d0dc elementor-section-boxed elementor-section-height-default elementor-section-height-default\" data-id=\"869d0dc\" data-element_type=\"section\">\n\t\t\t\t\t\t<div class=\"elementor-container elementor-column-gap-default\">\n\t\t\t\t\t\t\t<div class=\"elementor-row\">\n\t\t\t\t\t<div class=\"elementor-column elementor-col-100 elementor-top-column elementor-element elementor-element-c5008ae\" data-id=\"c5008ae\" data-element_type=\"column\">\n\t\t\t<div class=\"elementor-column-wrap elementor-element-populated\">\n\t\t\t\t\t\t\t<div class=\"elementor-widget-wrap\">\n\t\t\t\t\t\t<section class=\"elementor-section elementor-inner-section elementor-element elementor-element-6275887 elementor-section-boxed elementor-section-height-default elementor-section-height-default\" data-id=\"6275887\" data-element_type=\"section\">\n\t\t\t\t\t\t<div class=\"elementor-container elementor-column-gap-default\">\n\t\t\t\t\t\t\t<div class=\"elementor-row\">\n\t\t\t\t\t<div class=\"elementor-column elementor-col-33 elementor-inner-column elementor-element elementor-element-b76e116\" data-id=\"b76e116\" data-element_type=\"column\">\n\t\t\t<div class=\"elementor-column-wrap elementor-element-populated\">\n\t\t\t\t\t\t\t<div class=\"elementor-widget-wrap\">\n\t\t\t\t\t\t<div class=\"elementor-element elementor-element-8cae9a1 elementor-align-center elementor-widget elementor-widget-button\" data-id=\"8cae9a1\" data-element_type=\"widget\" data-widget_type=\"button.default\">\n\t\t\t\t<div class=\"elementor-widget-container\">\n\t\t\t\t\t<div class=\"elementor-button-wrapper\">\n\t\t\t<a href=\"https:\/\/www.arteveldehogeschool.be\/audiologie\/gehoorverliesindeklas\/?page_id=2454\" class=\"elementor-button-link elementor-button elementor-size-sm\" role=\"button\">\n\t\t\t\t\t\t<span class=\"elementor-button-content-wrapper\">\n\t\t\t\t\t\t<span class=\"elementor-button-text\">Leerling met hoortoestel(len)<\/span>\n\t\t<\/span>\n\t\t\t\t\t<\/a>\n\t\t<\/div>\n\t\t\t\t<\/div>\n\t\t\t\t<\/div>\n\t\t\t\t\t\t<\/div>\n\t\t\t\t\t<\/div>\n\t\t<\/div>\n\t\t\t\t<div class=\"elementor-column elementor-col-33 elementor-inner-column elementor-element elementor-element-8489bb0\" data-id=\"8489bb0\" data-element_type=\"column\">\n\t\t\t<div class=\"elementor-column-wrap elementor-element-populated\">\n\t\t\t\t\t\t\t<div class=\"elementor-widget-wrap\">\n\t\t\t\t\t\t<div class=\"elementor-element elementor-element-089e397 elementor-align-center elementor-widget elementor-widget-button\" data-id=\"089e397\" data-element_type=\"widget\" data-widget_type=\"button.default\">\n\t\t\t\t<div class=\"elementor-widget-container\">\n\t\t\t\t\t<div class=\"elementor-button-wrapper\">\n\t\t\t<a href=\"https:\/\/www.arteveldehogeschool.be\/audiologie\/gehoorverliesindeklas\/?page_id=632\" class=\"elementor-button-link elementor-button elementor-size-sm\" role=\"button\">\n\t\t\t\t\t\t<span class=\"elementor-button-content-wrapper\">\n\t\t\t\t\t\t<span class=\"elementor-button-text\">Leerling met cochleair(e) implanta(a)t(en)<\/span>\n\t\t<\/span>\n\t\t\t\t\t<\/a>\n\t\t<\/div>\n\t\t\t\t<\/div>\n\t\t\t\t<\/div>\n\t\t\t\t\t\t<\/div>\n\t\t\t\t\t<\/div>\n\t\t<\/div>\n\t\t\t\t<div class=\"elementor-column elementor-col-33 elementor-inner-column elementor-element elementor-element-0d34b81\" data-id=\"0d34b81\" data-element_type=\"column\">\n\t\t\t<div class=\"elementor-column-wrap elementor-element-populated\">\n\t\t\t\t\t\t\t<div class=\"elementor-widget-wrap\">\n\t\t\t\t\t\t<div class=\"elementor-element elementor-element-501c933 elementor-align-center elementor-widget elementor-widget-button\" data-id=\"501c933\" data-element_type=\"widget\" data-widget_type=\"button.default\">\n\t\t\t\t<div class=\"elementor-widget-container\">\n\t\t\t\t\t<div class=\"elementor-button-wrapper\">\n\t\t\t<a href=\"https:\/\/www.arteveldehogeschool.be\/audiologie\/gehoorverliesindeklas\/?page_id=3624\" class=\"elementor-button-link elementor-button elementor-size-sm\" role=\"button\">\n\t\t\t\t\t\t<span class=\"elementor-button-content-wrapper\">\n\t\t\t\t\t\t<span class=\"elementor-button-text\">Leerling met beengeleidings- syste(e)m(en)<\/span>\n\t\t<\/span>\n\t\t\t\t\t<\/a>\n\t\t<\/div>\n\t\t\t\t<\/div>\n\t\t\t\t<\/div>\n\t\t\t\t\t\t<\/div>\n\t\t\t\t\t<\/div>\n\t\t<\/div>\n\t\t\t\t\t\t\t\t<\/div>\n\t\t\t\t\t<\/div>\n\t\t<\/section>\n\t\t\t\t<section class=\"elementor-section elementor-inner-section elementor-element elementor-element-18241b5 elementor-section-boxed elementor-section-height-default elementor-section-height-default\" data-id=\"18241b5\" data-element_type=\"section\">\n\t\t\t\t\t\t<div class=\"elementor-container elementor-column-gap-default\">\n\t\t\t\t\t\t\t<div class=\"elementor-row\">\n\t\t\t\t\t<div class=\"elementor-column elementor-col-33 elementor-inner-column elementor-element elementor-element-fe7e523\" data-id=\"fe7e523\" data-element_type=\"column\">\n\t\t\t<div class=\"elementor-column-wrap elementor-element-populated\">\n\t\t\t\t\t\t\t<div class=\"elementor-widget-wrap\">\n\t\t\t\t\t\t<div class=\"elementor-element elementor-element-33e8182 elementor-widget elementor-widget-image\" data-id=\"33e8182\" data-element_type=\"widget\" data-widget_type=\"image.default\">\n\t\t\t\t<div class=\"elementor-widget-container\">\n\t\t\t\t\t<div class=\"elementor-image\">\n\t\t\t\t\t\t\t\t\t\t<img loading=\"lazy\" decoding=\"async\" width=\"254\" height=\"199\" src=\"https:\/\/gehoorverliesindeklas.arteveldehogeschool.be\/audiologie\/gehoorverliesindeklas\/wp-content\/uploads\/2021\/02\/index-e1616331745486.jpg\" class=\"attachment-large size-large\" alt=\"\" \/>\t\t\t\t\t\t\t\t\t\t\t<\/div>\n\t\t\t\t<\/div>\n\t\t\t\t<\/div>\n\t\t\t\t\t\t<\/div>\n\t\t\t\t\t<\/div>\n\t\t<\/div>\n\t\t\t\t<div class=\"elementor-column elementor-col-33 elementor-inner-column elementor-element elementor-element-418b1ff\" data-id=\"418b1ff\" data-element_type=\"column\">\n\t\t\t<div class=\"elementor-column-wrap elementor-element-populated\">\n\t\t\t\t\t\t\t<div class=\"elementor-widget-wrap\">\n\t\t\t\t\t\t<div class=\"elementor-element elementor-element-0288cdc elementor-widget elementor-widget-image\" data-id=\"0288cdc\" data-element_type=\"widget\" data-widget_type=\"image.default\">\n\t\t\t\t<div class=\"elementor-widget-container\">\n\t\t\t\t\t<div class=\"elementor-image\">\n\t\t\t\t\t\t\t\t\t\t<img loading=\"lazy\" decoding=\"async\" width=\"748\" height=\"499\" src=\"https:\/\/gehoorverliesindeklas.arteveldehogeschool.be\/audiologie\/gehoorverliesindeklas\/wp-content\/uploads\/2021\/02\/Kind-met-CI.jpg\" class=\"attachment-large size-large\" alt=\"\" srcset=\"https:\/\/gehoorverliesindeklas.arteveldehogeschool.be\/audiologie\/gehoorverliesindeklas\/wp-content\/uploads\/2021\/02\/Kind-met-CI.jpg 748w, https:\/\/gehoorverliesindeklas.arteveldehogeschool.be\/audiologie\/gehoorverliesindeklas\/wp-content\/uploads\/2021\/02\/Kind-met-CI-300x200.jpg 300w, https:\/\/gehoorverliesindeklas.arteveldehogeschool.be\/audiologie\/gehoorverliesindeklas\/wp-content\/uploads\/2021\/02\/Kind-met-CI-230x153.jpg 230w, https:\/\/gehoorverliesindeklas.arteveldehogeschool.be\/audiologie\/gehoorverliesindeklas\/wp-content\/uploads\/2021\/02\/Kind-met-CI-350x233.jpg 350w, https:\/\/gehoorverliesindeklas.arteveldehogeschool.be\/audiologie\/gehoorverliesindeklas\/wp-content\/uploads\/2021\/02\/Kind-met-CI-480x320.jpg 480w\" sizes=\"auto, (max-width: 748px) 100vw, 748px\" \/>\t\t\t\t\t\t\t\t\t\t\t<\/div>\n\t\t\t\t<\/div>\n\t\t\t\t<\/div>\n\t\t\t\t\t\t<\/div>\n\t\t\t\t\t<\/div>\n\t\t<\/div>\n\t\t\t\t<div class=\"elementor-column elementor-col-33 elementor-inner-column elementor-element elementor-element-bf81655\" data-id=\"bf81655\" data-element_type=\"column\">\n\t\t\t<div class=\"elementor-column-wrap elementor-element-populated\">\n\t\t\t\t\t\t\t<div class=\"elementor-widget-wrap\">\n\t\t\t\t\t\t<div class=\"elementor-element elementor-element-010d5cd elementor-widget elementor-widget-image\" data-id=\"010d5cd\" data-element_type=\"widget\" data-widget_type=\"image.default\">\n\t\t\t\t<div class=\"elementor-widget-container\">\n\t\t\t\t\t<div class=\"elementor-image\">\n\t\t\t\t\t\t\t\t\t\t<img loading=\"lazy\" decoding=\"async\" width=\"192\" height=\"193\" src=\"https:\/\/gehoorverliesindeklas.arteveldehogeschool.be\/audiologie\/gehoorverliesindeklas\/wp-content\/uploads\/2021\/03\/baha.jpg\" class=\"attachment-large size-large\" alt=\"\" srcset=\"https:\/\/gehoorverliesindeklas.arteveldehogeschool.be\/audiologie\/gehoorverliesindeklas\/wp-content\/uploads\/2021\/03\/baha.jpg 192w, https:\/\/gehoorverliesindeklas.arteveldehogeschool.be\/audiologie\/gehoorverliesindeklas\/wp-content\/uploads\/2021\/03\/baha-150x150.jpg 150w\" sizes=\"auto, (max-width: 192px) 100vw, 192px\" \/>\t\t\t\t\t\t\t\t\t\t\t<\/div>\n\t\t\t\t<\/div>\n\t\t\t\t<\/div>\n\t\t\t\t\t\t<\/div>\n\t\t\t\t\t<\/div>\n\t\t<\/div>\n\t\t\t\t\t\t\t\t<\/div>\n\t\t\t\t\t<\/div>\n\t\t<\/section>\n\t\t\t\t<section class=\"elementor-section elementor-inner-section elementor-element elementor-element-19f81eb elementor-section-boxed elementor-section-height-default elementor-section-height-default\" data-id=\"19f81eb\" data-element_type=\"section\">\n\t\t\t\t\t\t<div class=\"elementor-container elementor-column-gap-default\">\n\t\t\t\t\t\t\t<div class=\"elementor-row\">\n\t\t\t\t\t<div class=\"elementor-column elementor-col-33 elementor-inner-column elementor-element elementor-element-13148c7\" data-id=\"13148c7\" data-element_type=\"column\">\n\t\t\t<div class=\"elementor-column-wrap\">\n\t\t\t\t\t\t\t<div class=\"elementor-widget-wrap\">\n\t\t\t\t\t\t\t\t<\/div>\n\t\t\t\t\t<\/div>\n\t\t<\/div>\n\t\t\t\t<div class=\"elementor-column elementor-col-33 elementor-inner-column elementor-element elementor-element-586102c\" data-id=\"586102c\" data-element_type=\"column\">\n\t\t\t<div class=\"elementor-column-wrap elementor-element-populated\">\n\t\t\t\t\t\t\t<div class=\"elementor-widget-wrap\">\n\t\t\t\t\t\t<div class=\"elementor-element elementor-element-715154f elementor-align-center elementor-widget elementor-widget-button\" data-id=\"715154f\" data-element_type=\"widget\" data-widget_type=\"button.default\">\n\t\t\t\t<div class=\"elementor-widget-container\">\n\t\t\t\t\t<div class=\"elementor-button-wrapper\">\n\t\t\t<a href=\"https:\/\/www.arteveldehogeschool.be\/audiologie\/gehoorverliesindeklas\/?page_id=840\" class=\"elementor-button-link elementor-button elementor-size-sm\" role=\"button\">\n\t\t\t\t\t\t<span class=\"elementor-button-content-wrapper\">\n\t\t\t\t\t\t<span class=\"elementor-button-text\">Soloapparatuur <\/span>\n\t\t<\/span>\n\t\t\t\t\t<\/a>\n\t\t<\/div>\n\t\t\t\t<\/div>\n\t\t\t\t<\/div>\n\t\t\t\t\t\t<\/div>\n\t\t\t\t\t<\/div>\n\t\t<\/div>\n\t\t\t\t<div class=\"elementor-column elementor-col-33 elementor-inner-column elementor-element elementor-element-4993dcd\" data-id=\"4993dcd\" data-element_type=\"column\">\n\t\t\t<div class=\"elementor-column-wrap\">\n\t\t\t\t\t\t\t<div class=\"elementor-widget-wrap\">\n\t\t\t\t\t\t\t\t<\/div>\n\t\t\t\t\t<\/div>\n\t\t<\/div>\n\t\t\t\t\t\t\t\t<\/div>\n\t\t\t\t\t<\/div>\n\t\t<\/section>\n\t\t\t\t<section class=\"elementor-section elementor-inner-section elementor-element elementor-element-eeaaa9f elementor-section-boxed elementor-section-height-default elementor-section-height-default\" data-id=\"eeaaa9f\" data-element_type=\"section\">\n\t\t\t\t\t\t<div class=\"elementor-container elementor-column-gap-default\">\n\t\t\t\t\t\t\t<div class=\"elementor-row\">\n\t\t\t\t\t<div class=\"elementor-column elementor-col-33 elementor-inner-column elementor-element elementor-element-5243b81\" data-id=\"5243b81\" data-element_type=\"column\">\n\t\t\t<div class=\"elementor-column-wrap\">\n\t\t\t\t\t\t\t<div class=\"elementor-widget-wrap\">\n\t\t\t\t\t\t\t\t<\/div>\n\t\t\t\t\t<\/div>\n\t\t<\/div>\n\t\t\t\t<div class=\"elementor-column elementor-col-33 elementor-inner-column elementor-element elementor-element-60c33f1\" data-id=\"60c33f1\" data-element_type=\"column\">\n\t\t\t<div class=\"elementor-column-wrap elementor-element-populated\">\n\t\t\t\t\t\t\t<div class=\"elementor-widget-wrap\">\n\t\t\t\t\t\t<div class=\"elementor-element elementor-element-d3ded3f elementor-widget elementor-widget-image\" data-id=\"d3ded3f\" data-element_type=\"widget\" data-widget_type=\"image.default\">\n\t\t\t\t<div class=\"elementor-widget-container\">\n\t\t\t\t\t<div class=\"elementor-image\">\n\t\t\t\t\t\t\t\t\t\t<img loading=\"lazy\" decoding=\"async\" width=\"250\" height=\"156\" src=\"https:\/\/gehoorverliesindeklas.arteveldehogeschool.be\/audiologie\/gehoorverliesindeklas\/wp-content\/uploads\/2021\/02\/soloapparatuur-250.jpg\" class=\"attachment-large size-large\" alt=\"\" srcset=\"https:\/\/gehoorverliesindeklas.arteveldehogeschool.be\/audiologie\/gehoorverliesindeklas\/wp-content\/uploads\/2021\/02\/soloapparatuur-250.jpg 250w, https:\/\/gehoorverliesindeklas.arteveldehogeschool.be\/audiologie\/gehoorverliesindeklas\/wp-content\/uploads\/2021\/02\/soloapparatuur-250-230x144.jpg 230w\" sizes=\"auto, (max-width: 250px) 100vw, 250px\" \/>\t\t\t\t\t\t\t\t\t\t\t<\/div>\n\t\t\t\t<\/div>\n\t\t\t\t<\/div>\n\t\t\t\t<div class=\"elementor-element elementor-element-107fd02 elementor-widget elementor-widget-text-editor\" data-id=\"107fd02\" data-element_type=\"widget\" data-widget_type=\"text-editor.default\">\n\t\t\t\t<div class=\"elementor-widget-container\">\n\t\t\t\t\t<div class=\"elementor-text-editor elementor-clearfix\"><\/div>\n\t\t\t\t<\/div>\n\t\t\t\t<\/div>\n\t\t\t\t\t\t<\/div>\n\t\t\t\t\t<\/div>\n\t\t<\/div>\n\t\t\t\t<div class=\"elementor-column elementor-col-33 elementor-inner-column elementor-element elementor-element-647dbff\" data-id=\"647dbff\" data-element_type=\"column\">\n\t\t\t<div class=\"elementor-column-wrap\">\n\t\t\t\t\t\t\t<div class=\"elementor-widget-wrap\">\n\t\t\t\t\t\t\t\t<\/div>\n\t\t\t\t\t<\/div>\n\t\t<\/div>\n\t\t\t\t\t\t\t\t<\/div>\n\t\t\t\t\t<\/div>\n\t\t<\/section>\n\t\t\t\t\t\t<\/div>\n\t\t\t\t\t<\/div>\n\t\t<\/div>\n\t\t\t\t\t\t\t\t<\/div>\n\t\t\t\t\t<\/div>\n\t\t<\/section>\n\t\t\t\t<section class=\"elementor-section elementor-top-section elementor-element elementor-element-80ae31c elementor-section-boxed elementor-section-height-default elementor-section-height-default\" data-id=\"80ae31c\" data-element_type=\"section\">\n\t\t\t\t\t\t<div class=\"elementor-container elementor-column-gap-default\">\n\t\t\t\t\t\t\t<div class=\"elementor-row\">\n\t\t\t\t\t<div class=\"elementor-column elementor-col-100 elementor-top-column elementor-element elementor-element-755bce0\" data-id=\"755bce0\" data-element_type=\"column\">\n\t\t\t<div class=\"elementor-column-wrap elementor-element-populated\">\n\t\t\t\t\t\t\t<div class=\"elementor-widget-wrap\">\n\t\t\t\t\t\t<div class=\"elementor-element elementor-element-a72ab34 elementor-widget-divider--view-line_text elementor-widget-divider--element-align-center elementor-widget elementor-widget-divider\" data-id=\"a72ab34\" data-element_type=\"widget\" data-widget_type=\"divider.default\">\n\t\t\t\t<div class=\"elementor-widget-container\">\n\t\t\t\t\t<div class=\"elementor-divider\">\n\t\t\t<span class=\"elementor-divider-separator\">\n\t\t\t\t\t\t\t<span class=\"elementor-divider__text elementor-divider__element\">BRONNEN<\/span>\n\t\t\t\t\t\t<\/span>\n\t\t<\/div>\n\t\t\t\t<\/div>\n\t\t\t\t<\/div>\n\t\t\t\t<div class=\"elementor-element elementor-element-7e0b8f6 elementor-widget elementor-widget-text-editor\" data-id=\"7e0b8f6\" data-element_type=\"widget\" data-widget_type=\"text-editor.default\">\n\t\t\t\t<div class=\"elementor-widget-container\">\n\t\t\t\t\t<div class=\"elementor-text-editor elementor-clearfix\"><ul><li>Erasmus MC. (z.d.). [Foto]. Erasmus MC. https:\/\/patientenfolders.erasmusmc.nl\/folders\/cochleair_implantaat_(ci)_bij_kinderen<\/li><\/ul><ul><li>Hoorwijzer. (z.d.). [Foto]. Hoorwijzer. https:\/\/www.hoorwijzer.nl\/hoorhulpmiddelen\/hoortoestel\/<\/li><\/ul><ul><li>HOorzaken. (z.d.). [Foto]. HOorzaken. https:\/\/www.hoorzaken.nl\/hoorverbetering\/hoorhulpmiddelen\/solo-apparatuur\/<\/li><\/ul><ul><li>UZA. (z.d.). [Foto]. UZA. https:\/\/www.uza.be\/behandeling\/bone-anchored-hearing-aid-baha<\/li><\/ul><\/div>\n\t\t\t\t<\/div>\n\t\t\t\t<\/div>\n\t\t\t\t\t\t<\/div>\n\t\t\t\t\t<\/div>\n\t\t<\/div>\n\t\t\t\t\t\t\t\t<\/div>\n\t\t\t\t\t<\/div>\n\t\t<\/section>\n\t\t\t\t\t\t<\/div>\n\t\t\t\t\t\t<\/div>\n\t\t\t\t\t<\/div>\n\t\t","protected":false},"excerpt":{"rendered":"<p>Er bestaan verschillende auditieve hulpmiddelen. Hoortoestellen, cochleaire implantaten en beengeleidingssystemen zijn de drie meest gekende auditieve hulpmiddelen. De keuze van het hulpmiddel [&hellip;]<\/p>\n","protected":false},"author":6,"featured_media":0,"parent":100,"menu_order":0,"comment_status":"closed","ping_status":"closed","template":"","meta":{"_bbp_topic_count":0,"_bbp_reply_count":0,"_bbp_total_topic_count":0,"_bbp_total_reply_count":0,"_bbp_voice_count":0,"_bbp_anonymous_reply_count":0,"_bbp_topic_count_hidden":0,"_bbp_reply_count_hidden":0,"_bbp_forum_subforum_count":0,"footnotes":""},"class_list":["post-511","page","type-page","status-publish","hentry"],"_links":{"self":[{"href":"https:\/\/gehoorverliesindeklas.arteveldehogeschool.be\/audiologie\/gehoorverliesindeklas\/index.php?rest_route=\/wp\/v2\/pages\/511","targetHints":{"allow":["GET"]}}],"collection":[{"href":"https:\/\/gehoorverliesindeklas.arteveldehogeschool.be\/audiologie\/gehoorverliesindeklas\/index.php?rest_route=\/wp\/v2\/pages"}],"about":[{"href":"https:\/\/gehoorverliesindeklas.arteveldehogeschool.be\/audiologie\/gehoorverliesindeklas\/index.php?rest_route=\/wp\/v2\/types\/page"}],"author":[{"embeddable":true,"href":"https:\/\/gehoorverliesindeklas.arteveldehogeschool.be\/audiologie\/gehoorverliesindeklas\/index.php?rest_route=\/wp\/v2\/users\/6"}],"replies":[{"embeddable":true,"href":"https:\/\/gehoorverliesindeklas.arteveldehogeschool.be\/audiologie\/gehoorverliesindeklas\/index.php?rest_route=%2Fwp%2Fv2%2Fcomments&post=511"}],"version-history":[{"count":197,"href":"https:\/\/gehoorverliesindeklas.arteveldehogeschool.be\/audiologie\/gehoorverliesindeklas\/index.php?rest_route=\/wp\/v2\/pages\/511\/revisions"}],"predecessor-version":[{"id":9507,"href":"https:\/\/gehoorverliesindeklas.arteveldehogeschool.be\/audiologie\/gehoorverliesindeklas\/index.php?rest_route=\/wp\/v2\/pages\/511\/revisions\/9507"}],"up":[{"embeddable":true,"href":"https:\/\/gehoorverliesindeklas.arteveldehogeschool.be\/audiologie\/gehoorverliesindeklas\/index.php?rest_route=\/wp\/v2\/pages\/100"}],"wp:attachment":[{"href":"https:\/\/gehoorverliesindeklas.arteveldehogeschool.be\/audiologie\/gehoorverliesindeklas\/index.php?rest_route=%2Fwp%2Fv2%2Fmedia&parent=511"}],"curies":[{"name":"wp","href":"https:\/\/api.w.org\/{rel}","templated":true}]}}